{"id":9075,"date":"2024-05-27T17:47:12","date_gmt":"2024-05-27T22:47:12","guid":{"rendered":"https:\/\/culturabrasilaustin.org\/cba-spaces-form"},"modified":"2024-07-19T11:20:51","modified_gmt":"2024-07-19T16:20:51","slug":"cba-spaces-form","status":"publish","type":"page","link":"https:\/\/culturabrasilaustin.org\/en\/cba-spaces-form","title":{"rendered":"CBA Spaces Form"},"content":{"rendered":"\t\t<div data-elementor-type=\"wp-page\" data-elementor-id=\"9075\" class=\"elementor elementor-9075 elementor-8251\" data-elementor-post-type=\"page\">\n\t\t\t\t<div class=\"elementor-element elementor-element-5730051 e-flex e-con-boxed e-con e-parent\" data-id=\"5730051\" data-element_type=\"container\">\n\t\t\t\t\t<div class=\"e-con-inner\">\n\t\t\t\t<div class=\"elementor-element elementor-element-2515a45 elementor-widget elementor-widget-text-editor\" data-id=\"2515a45\" data-element_type=\"widget\" data-widget_type=\"text-editor.default\">\n\t\t\t\t<div class=\"elementor-widget-container\">\n\t\t\t\t\t\t\t\t\t<p><div class='fluentform ff-default fluentform_wrapper_20 ffs_default_wrap'><fieldset style=\"border: none!important;margin: 0!important;padding: 0!important;background-color: transparent!important;box-shadow: none!important\">\n                    <legend class=\"ff_screen_reader_title\" style=\"display: block;margin: 0!important;padding: 0!important;height: 0!important;text-indent: -999999px;width: 0!important;overflow:hidden\">Booking CBA Spaces (PT)<\/legend><div data-name=\"ff_cn_id_1\" class='ff-t-container ff-column-container ff_columns_total_1 '><div class='ff-t-cell ff-t-column-1' style='flex-basis: 100%'><div class='ff-el-group  ff-custom_html' data-name=\"custom_html-20_1\"><h5>Nome do respons\u00e1vel<\/h5>\n<p>Informa\u00e7\u00f5es sobre a pessoa que est\u00e1 preenchendo esse formul\u00e1rio.<\/p><\/div><div data-type=\"name-element\" data-name=\"names\" class=\" ff-field_container ff-name-field-wrapper\"><div class='ff-t-container'><div class='ff-t-cell '><div class='ff-el-group  ff-el-form-top'><div class=\"ff-el-input--label ff-el-is-required asterisk-right\"><label for='ff_20_names_first_name_' id='label_ff_20_names_first_name_'>Primeiro Nome<\/label><\/div><div class='ff-el-input--content'><\/div><\/div><\/div><div class='ff-t-cell '><div class='ff-el-group  ff-el-form-top'><div class=\"ff-el-input--label asterisk-right\"><label for='ff_20_names_middle_name_' id='label_ff_20_names_middle_name_'>Nome Meio<\/label><\/div><div class='ff-el-input--content'><\/div><\/div><\/div><div class='ff-t-cell '><div class='ff-el-group  ff-el-form-top'><div class=\"ff-el-input--label ff-el-is-required asterisk-right\"><label for='ff_20_names_last_name_' id='label_ff_20_names_last_name_'>Sobrenome<\/label><\/div><div class='ff-el-input--content'><\/div><\/div><\/div><\/div><\/div><\/div><\/div><div data-name=\"ff_cn_id_2\" class='ff-t-container ff-column-container ff_columns_total_2 '><div class='ff-t-cell ff-t-column-1' style='flex-basis: 50%'><div class='ff-el-group'><div class=\"ff-el-input--label ff-el-is-required asterisk-right\"><label for='ff_20_phone' id='label_ff_20_phone' aria-label=\"Telefone\/WhatsApp\">Telefone\/WhatsApp<\/label><\/div><div class='ff-el-input--content'><\/div><\/div><\/div><div class='ff-t-cell ff-t-column-2' style='flex-basis: 50%'><div class='ff-el-group'><div class=\"ff-el-input--label ff-el-is-required asterisk-right\"><label for='ff_20_email_1' id='label_ff_20_email_1' aria-label=\"Email\">Email<\/label><\/div><div class='ff-el-input--content'><\/div><\/div><\/div><\/div><div class='ff-el-group'><div class=\"ff-el-input--label ff-el-is-required asterisk-right\"><label for='ff_20_input_text' id='label_ff_20_input_text' aria-label=\"Nome da organiza\u00e7\u00e3o ou grupo\">Nome da organiza\u00e7\u00e3o ou grupo<\/label><\/div><div class='ff-el-input--content'><\/div><\/div><div data-name=\"ff_cn_id_3\" class='ff-t-container ff-column-container ff_columns_total_2 '><div class='ff-t-cell ff-t-column-1' style='flex-basis: 50%'><div class='ff-el-group'><div class=\"ff-el-input--label asterisk-right\"><label for='ff_20_datetime' id='label_ff_20_datetime' aria-label=\"Data do Evento\">Data do Evento<\/label><\/div><div class='ff-el-input--content'><\/div><\/div><\/div><div class='ff-t-cell ff-t-column-2' style='flex-basis: 50%'><div class='ff-el-group'><div class=\"ff-el-input--label asterisk-right\"><label for='ff_20_numeric-field' id='label_ff_20_numeric-field' aria-label=\"N\u00famero de pessoas esperadas para comparecer\">N\u00famero de pessoas esperadas para comparecer<\/label><\/div><div class='ff-el-input--content'><\/div><\/div><\/div><\/div><div data-name=\"ff_cn_id_4\" class='ff-t-container ff-column-container ff_columns_total_3 '><div class='ff-t-cell ff-t-column-1' style='flex-basis: 23.09%'><div class='ff-el-group'><div class=\"ff-el-input--label asterisk-right\"><label for='ff_20_datetime_1' id='label_ff_20_datetime_1' aria-label=\"Hora de in\u00edcio do evento\">Hora de in\u00edcio do evento<\/label><\/div><div class='ff-el-input--content'><\/div><\/div><\/div><div class='ff-t-cell ff-t-column-2' style='flex-basis: 26.4%'><div class='ff-el-group'><div class=\"ff-el-input--label asterisk-right\"><label for='ff_20_datetime_2' id='label_ff_20_datetime_2' aria-label=\"Hora de t\u00e9rmino do evento\">Hora de t\u00e9rmino do evento<\/label><\/div><div class='ff-el-input--content'><\/div><\/div><\/div><div class='ff-t-cell ff-t-column-3' style='flex-basis: 50.51%'><div class='ff-el-group'><div class=\"ff-el-input--label asterisk-right\"><label for='ff_20_input_text_1' id='label_ff_20_input_text_1' aria-label=\"Tamanho do espa\u00e7o e configura\u00e7\u00e3o da sala necess\u00e1ria\">Tamanho do espa\u00e7o e configura\u00e7\u00e3o da sala necess\u00e1ria<\/label><\/div><div class='ff-el-input--content'><\/div><\/div><\/div><\/div><div class='ff-el-group'><div class=\"ff-el-input--label asterisk-right\"><label for='ff_20_description' id='label_ff_20_description' aria-label=\"Por favor descreva seu evento\">Por favor descreva seu evento<\/label><\/div><div class='ff-el-input--content'><textarea aria-labelledby=\"label_ff_20_description\" name=\"description\" id=\"ff_20_description\" class=\"ff-el-form-control\" rows=\"3\" cols=\"2\" data-name=\"description\"><\/textarea><\/div><\/div><div data-name=\"ff_cn_id_5\" class='ff-t-container ff-column-container ff_columns_total_3 '><div class='ff-t-cell ff-t-column-1' style='flex-basis: 33.33%'><div class='ff-el-group'><div class=\"ff-el-input--label asterisk-right\"><label aria-label=\"Voc\u00ea precisa de um projetor?\"> Voc\u00ea precisa de um projetor?<\/label><\/div><div class='ff-el-input--content'><div class='ff-el-form-check ff-el-form-check-'><label class='ff-el-form-check-label' for='input_radio_d30278997808aaf01ec14f7b81518c24'> <span>Sim<\/span><\/label><\/div><div class='ff-el-form-check ff-el-form-check-'><label class='ff-el-form-check-label' for='input_radio_5a6aee54fbe25e45bddd34881f0b22a9'> <span>N\u00e3o<\/span><\/label><\/div><\/div><\/div><\/div><div class='ff-t-cell ff-t-column-2' style='flex-basis: 33.33%'><div class='ff-el-group'><div class=\"ff-el-input--label asterisk-right\"><label aria-label=\"Voc\u00ea precisa de uma tela?\"> Voc\u00ea precisa de uma tela?<\/label><\/div><div class='ff-el-input--content'><div class='ff-el-form-check ff-el-form-check-'><label class='ff-el-form-check-label' for='input_radio_1_a2bc133bb93998c386fbba56f5239186'> <span>Sim<\/span><\/label><\/div><div class='ff-el-form-check ff-el-form-check-'><label class='ff-el-form-check-label' for='input_radio_1_b67d56ce81a726f45dafba8f62219150'> <span>N\u00e3o<\/span><\/label><\/div><\/div><\/div><\/div><div class='ff-t-cell ff-t-column-3' style='flex-basis: 33.33%'><div class='ff-el-group'><div class=\"ff-el-input--label asterisk-right\"><label aria-label=\"Voc\u00ea precisa de um microfone?\"> Voc\u00ea precisa de um microfone?<\/label><\/div><div class='ff-el-input--content'><div class='ff-el-form-check ff-el-form-check-'><label class='ff-el-form-check-label' for='input_radio_2_f238acbe05799ffa843290503ead631c'> <span>Sim<\/span><\/label><\/div><div class='ff-el-form-check ff-el-form-check-'><label class='ff-el-form-check-label' for='input_radio_2_ad056e2a452616f973dbc12ff387143d'> <span>N\u00e3o<\/span><\/label><\/div><\/div><\/div><\/div><\/div><div class='ff-el-group'><div class=\"ff-el-input--label asterisk-right\"><label aria-label=\"Tipo de evento (selecione Aula | Reuni\u00e3o | Confer\u00eancia); Quarto desejado:\">Tipo de evento (selecione Aula | Reuni\u00e3o | Confer\u00eancia); Quarto desejado:<\/label><\/div><div class='ff-el-input--content'><div class='ff-el-form-check ff-el-form-check-'><label class='ff-el-form-check-label' for='checkbox_552c366b8d5f4ccb0bc88a887da4761b'> <span>Tulipa Room Dimensions: 30&#8217;5&#8243;x 24&#8217;4&#8243; \/ Square Footage: 740 sq ft<\/span><\/label><\/div><div class='ff-el-form-check ff-el-form-check-'><label class='ff-el-form-check-label' for='checkbox_2ad4b93bbb8f92d43c31cc2670b2c5f9'> <span>Orqu\u00eddea Room Dimensions: 30&#8217;5&#8243;x 24&#8217;4&#8243; \/ Square Footage: 740 sq ft<\/span><\/label><\/div><div class='ff-el-form-check ff-el-form-check-'><label class='ff-el-form-check-label' for='checkbox_bbac7c2548a3669be9b966e753353511'> <span>Tulipa Room + Orqu\u00eddea Room Dimensions: 48&#8217;8&#8243; x 30&#8217;5&#8243;\/ Square Footage: 1480 sq ft<\/span><\/label><\/div><div class='ff-el-form-check ff-el-form-check-'><label class='ff-el-form-check-label' for='checkbox_2a09b7aa67c88d7841f4929735b64644'> <span>Brom\u00e9lia Room Dimensions: 24&#8217;x15&#8242; \/ Square Footage: 360 sq ft<\/span><\/label><\/div><div class='ff-el-form-check ff-el-form-check-'><label class='ff-el-form-check-label' for='checkbox_254bbbd9c9db786bdc8ea587460883ad'> <span>Beg\u00f4nia Room Dimensions: 27&#8217;x 24&#8217;4&#8243; \/ Square Footage: 657 sq ft<\/span><\/label><\/div><div class='ff-el-form-check ff-el-form-check-'><label class='ff-el-form-check-label' for='checkbox_cc681426c7e5794bf50b4a9af9d00a78'> <span>Margarida Room Dimensions: 27&#8217;x 24&#8217;4&#8243; \/ Square Footage: 657 sq ft<\/span><\/label><\/div><div class='ff-el-form-check ff-el-form-check-'><label class='ff-el-form-check-label' for='checkbox_6fe9d7c02b9c92fe286b67ae713517bc'> <span>Violeta Room Dimensions: 25&#8242; x 20&#8242; \/ Square Footage: 500 sq ft<\/span><\/label><\/div><div class='ff-el-form-check ff-el-form-check-'><label class='ff-el-form-check-label' for='checkbox_b2bb08432bbfdd5d90b23cb1d1e8d887'> <span>Beg\u00f4nia Room + Margarida Room + Violeta Room Dimensions: 68&#8217;8&#8243; x 27&#8242; \/ Square Footage: 1717 sq ft)<\/span><\/label><\/div><\/div><\/div><div data-name=\"ff_cn_id_6\" class='ff-t-container ff-column-container ff_columns_total_2 '><div class='ff-t-cell ff-t-column-1' style='flex-basis: 28.05%'><div class='ff-el-group ff-text-left ff_submit_btn_wrapper ff_submit_btn_wrapper_custom'><button class=\"ff-btn ff-btn-save-progress ff-btn-md ff_btn_style wpf_has_custom_css\" name=\"save_progress_button-20_2\" data-name=\"save_progress_button-20_2\">Save &#038; Resume<\/button>form.fluent_form_20 .wpf_has_custom_css.ff-btn-save-progress { background-color:rgba(66, 70, 57, 1);border-color:rgba(255, 255, 255, 1);color:#ffffff;min-width:100%; }form.fluent_form_20 .wpf_has_custom_css.ff-btn-save-progress:hover { background-color:#ffffff;border-color:rgba(62, 87, 64, 1);color:#3E5740;min-width:100%; } <\/div><\/div><div class='ff-t-cell ff-t-column-2' style='flex-basis: 71.95%'><div class='ff-el-group ff-text-left ff_submit_btn_wrapper ff_submit_btn_wrapper_custom'><button class=\"ff-btn ff-btn-submit ff-btn-lg ff_btn_style wpf_has_custom_css\" type=\"submit\" name=\"custom_submit_button-20_3\" data-name=\"custom_submit_button-20_3\" aria-label=\"Enviar\">Enviar<\/button>form.fluent_form_20 .wpf_has_custom_css.ff-btn-submit { background-color:rgba(226, 180, 54, 1);border-color:rgba(226, 180, 54, 1);color:#ffffff;min-width:100%; }form.fluent_form_20 .wpf_has_custom_css.ff-btn-submit:hover { background-color:#ffffff;border-color:rgba(226, 180, 54, 1);color:#E2B436;min-width:100%; } <\/div><\/div><\/div><\/fieldset><div id='fluentform_20_errors' class='ff-errors-in-stack ff_form_instance_20_1 ff-form-loading_errors ff_form_instance_20_1_errors'><\/div><\/div>            \n                window.fluent_form_ff_form_instance_20_1 = {\"id\":\"20\",\"settings\":{\"layout\":{\"labelPlacement\":\"top\",\"helpMessagePlacement\":\"with_label\",\"errorMessagePlacement\":\"inline\",\"cssClassName\":\"\",\"asteriskPlacement\":\"asterisk-right\"},\"restrictions\":{\"denyEmptySubmission\":{\"enabled\":false}}},\"form_instance\":\"ff_form_instance_20_1\",\"form_id_selector\":\"fluentform_20\",\"rules\":{\"names[first_name]\":{\"required\":{\"value\":true,\"message\":\"Campo obrigat\\u00f3rio\",\"global_message\":\"This field is required\",\"global\":false}},\"names[middle_name]\":{\"required\":{\"value\":false,\"message\":\"This field is required\",\"global_message\":\"This field is required\",\"global\":true}},\"names[last_name]\":{\"required\":{\"value\":true,\"message\":\"Campo obrigat\\u00f3rio\",\"global_message\":\"This field is required\",\"global\":false}},\"phone\":{\"required\":{\"value\":true,\"message\":\"Campo obrigat\\u00f3rio\",\"global\":false,\"global_message\":\"This field is required\"},\"valid_phone_number\":{\"value\":false,\"message\":\"Phone number is not valid\",\"global\":false,\"global_message\":\"Phone number is not valid\"}},\"email_1\":{\"required\":{\"value\":true,\"message\":\"This field is required\",\"global_message\":\"This field is required\",\"global\":true},\"email\":{\"value\":true,\"message\":\"Email inv\\u00e1lido\",\"global_message\":\"This field must contain a valid email\",\"global\":false}},\"input_text\":{\"required\":{\"value\":true,\"message\":\"This field is required\",\"global_message\":\"This field is required\",\"global\":true}},\"datetime\":{\"required\":{\"value\":false,\"message\":\"This field is required\",\"global_message\":\"This field is required\",\"global\":true}},\"numeric-field\":{\"required\":{\"value\":false,\"message\":\"This field is required\",\"global_message\":\"This field is required\",\"global\":true},\"numeric\":{\"value\":true,\"message\":\"This field must contain numeric value\",\"global_message\":\"This field must contain numeric value\",\"global\":true},\"min\":{\"value\":\"\",\"message\":\"Validation fails for minimum value\",\"global_message\":\"Validation fails for minimum value\",\"global\":true},\"max\":{\"value\":\"\",\"message\":\"Validation fails for maximum value\",\"global_message\":\"Validation fails for maximum value\",\"global\":true},\"digits\":{\"value\":\"\",\"message\":\"Validation fails for limited digits\",\"global_message\":\"Validation fails for limited digits\",\"global\":true}},\"datetime_1\":{\"required\":{\"value\":false,\"message\":\"This field is required\",\"global_message\":\"This field is required\",\"global\":true}},\"datetime_2\":{\"required\":{\"value\":false,\"message\":\"This field is required\",\"global_message\":\"This field is required\",\"global\":true}},\"input_text_1\":{\"required\":{\"value\":false,\"message\":\"This field is required\",\"global_message\":\"This field is required\",\"global\":true}},\"description\":{\"required\":{\"value\":false,\"message\":\"This field is required\",\"global_message\":\"This field is required\",\"global\":true}},\"input_radio\":{\"required\":{\"value\":false,\"message\":\"This field is required\",\"global_message\":\"This field is required\",\"global\":true}},\"input_radio_1\":{\"required\":{\"value\":false,\"message\":\"This field is required\",\"global_message\":\"This field is required\",\"global\":true}},\"input_radio_2\":{\"required\":{\"value\":false,\"message\":\"This field is required\",\"global_message\":\"This field is required\",\"global\":true}},\"checkbox\":{\"required\":{\"value\":false,\"message\":\"This field is required\",\"global_message\":\"This field is required\",\"global\":true}}},\"debounce_time\":300};\n                            \n            <\/p>\n\t\t\t\t\t\t\t\t<\/div>\n\t\t\t\t<\/div>\n\t\t\t\t\t<\/div>\n\t\t\t\t<\/div>\n\t\t\t\t<\/div>\n\t\t","protected":false},"excerpt":{"rendered":"","protected":false},"author":2,"featured_media":0,"parent":0,"menu_order":0,"comment_status":"closed","ping_status":"closed","template":"","meta":{"footnotes":""},"class_list":["post-9075","page","type-page","status-publish","hentry"],"_links":{"self":[{"href":"https:\/\/culturabrasilaustin.org\/en\/wp-json\/wp\/v2\/pages\/9075","targetHints":{"allow":["GET"]}}],"collection":[{"href":"https:\/\/culturabrasilaustin.org\/en\/wp-json\/wp\/v2\/pages"}],"about":[{"href":"https:\/\/culturabrasilaustin.org\/en\/wp-json\/wp\/v2\/types\/page"}],"author":[{"embeddable":true,"href":"https:\/\/culturabrasilaustin.org\/en\/wp-json\/wp\/v2\/users\/2"}],"replies":[{"embeddable":true,"href":"https:\/\/culturabrasilaustin.org\/en\/wp-json\/wp\/v2\/comments?post=9075"}],"version-history":[{"count":1,"href":"https:\/\/culturabrasilaustin.org\/en\/wp-json\/wp\/v2\/pages\/9075\/revisions"}],"predecessor-version":[{"id":9077,"href":"https:\/\/culturabrasilaustin.org\/en\/wp-json\/wp\/v2\/pages\/9075\/revisions\/9077"}],"wp:attachment":[{"href":"https:\/\/culturabrasilaustin.org\/en\/wp-json\/wp\/v2\/media?parent=9075"}],"curies":[{"name":"wp","href":"https:\/\/api.w.org\/{rel}","templated":true}]}}