{"id":9054,"date":"2024-06-12T18:45:54","date_gmt":"2024-06-12T23:45:54","guid":{"rendered":"https:\/\/culturabrasilaustin.org\/elementor-8829-2"},"modified":"2024-07-19T11:18:45","modified_gmt":"2024-07-19T16:18:45","slug":"elementor-8829-2","status":"publish","type":"page","link":"https:\/\/culturabrasilaustin.org\/en\/elementor-8829-2","title":{"rendered":"Elementor #8829"},"content":{"rendered":"\t\t<div data-elementor-type=\"wp-page\" data-elementor-id=\"9054\" class=\"elementor elementor-9054 elementor-8829\" data-elementor-post-type=\"page\">\n\t\t\t\t<div class=\"elementor-element elementor-element-663e08a e-flex e-con-boxed e-con e-parent\" data-id=\"663e08a\" data-element_type=\"container\">\n\t\t\t\t\t<div class=\"e-con-inner\">\n\t\t\t\t<div class=\"elementor-element elementor-element-2e46411 elementor-widget elementor-widget-text-editor\" data-id=\"2e46411\" data-element_type=\"widget\" data-widget_type=\"text-editor.default\">\n\t\t\t\t<div class=\"elementor-widget-container\">\n\t\t\t\t\t\t\t\t\t<p><div class=\"eventbrite-events\"><div class=\"eventbrite-event\"><img decoding=\"async\" src=\"https:\/\/img.evbuc.com\/https%3A%2F%2Fcdn.evbuc.com%2Fimages%2F56924725%2F293169850489%2F1%2Foriginal.20190216-182506?h=200&#038;w=450&#038;auto=format%2Ccompress&#038;q=75&#038;sharp=10&#038;rect=0%2C0%2C664%2C332&#038;s=0cf95535f3a9a407a57c6517f44b7330\" alt=\"Gest\u00e3o do Tempo\" style=\"max-width: 100%\"><h3>Gest\u00e3o do Tempo<\/h3><p><strong>Data:<\/strong> 28\/02\/2019 19:30<\/p><p><strong>Local:<\/strong> Nelo&#039;s Cycles &amp; Coffee &#8211; 8108 Mesa Drive #B-105, Austin, TX 78759<\/p><p><a href=\"https:\/\/www.eventbrite.com\/e\/gestao-do-tempo-tickets-56713404319\" target=\"_blank\">Ver detalhes do evento<\/a><\/p><\/div><div class=\"eventbrite-event\"><h3>Bazar de Natal<\/h3><p><strong>Data:<\/strong> 09\/11\/2019 10:00<\/p><p><strong>Local:<\/strong> Local n\u00e3o especificado &#8211; Endere\u00e7o n\u00e3o especificado<\/p><p><a href=\"https:\/\/www.eventbrite.com\/e\/bazar-de-natal-tickets-76693834323\" target=\"_blank\">Ver detalhes do evento<\/a><\/p><\/div><div class=\"eventbrite-event\"><img decoding=\"async\" src=\"https:\/\/img.evbuc.com\/https%3A%2F%2Fcdn.evbuc.com%2Fimages%2F75445647%2F293169850489%2F1%2Foriginal.20191003-220003?h=200&#038;w=450&#038;auto=format%2Ccompress&#038;q=75&#038;sharp=10&#038;rect=0%2C130%2C952%2C476&#038;s=cf275986264c32874846a98ec1acd2cc\" alt=\"II Brazilian Christmas Bazaar\" style=\"max-width: 100%\"><h3>II Brazilian Christmas Bazaar<\/h3><p><strong>Data:<\/strong> 09\/11\/2019 11:00<\/p><p><strong>Local:<\/strong> 7050 Village Center Dr &#8211; 7050 Village Center Drive, Austin, TX 78731<\/p><p><a href=\"https:\/\/www.eventbrite.com\/e\/ii-brazilian-christmas-bazaar-tickets-75232792307\" target=\"_blank\">Ver detalhes do evento<\/a><\/p><\/div><div class=\"eventbrite-event\"><img decoding=\"async\" src=\"https:\/\/img.evbuc.com\/https%3A%2F%2Fcdn.evbuc.com%2Fimages%2F90954647%2F293169850489%2F1%2Foriginal.20200205-005337?h=200&#038;w=450&#038;auto=format%2Ccompress&#038;q=75&#038;sharp=10&#038;rect=0%2C0%2C2160%2C1080&#038;s=78777d289414bebac99eb8dd66879e5a\" alt=\"Elementos da Pedagogia Logos\u00f3fica para a Educa\u00e7\u00e3o\" style=\"max-width: 100%\"><h3>Elementos da Pedagogia Logos\u00f3fica para a Educa\u00e7\u00e3o<\/h3><p><strong>Data:<\/strong> 27\/02\/2020 19:00<\/p><p><strong>Local:<\/strong> Escola Projeto Brasil  &#8211; 12217 Cassady Drive Milwood Baptist Church, Austin, TX 78727<\/p><p><a href=\"https:\/\/www.eventbrite.com\/e\/elementos-da-pedagogia-logosofica-para-a-educacao-tickets-92982558335\" target=\"_blank\">Ver detalhes do evento<\/a><\/p><\/div><div class=\"eventbrite-event\"><img decoding=\"async\" src=\"https:\/\/img.evbuc.com\/https%3A%2F%2Fcdn.evbuc.com%2Fimages%2F90956737%2F293169850489%2F1%2Foriginal.20200205-011200?h=200&#038;w=450&#038;auto=format%2Ccompress&#038;q=75&#038;sharp=10&#038;rect=0%2C0%2C2160%2C1080&#038;s=1b01b08ae8792fe1f1856476e26f3df3\" alt=\"Cai na Folia - Piquenique - Picnic\" style=\"max-width: 100%\"><h3>Cai na Folia &#8211; Piquenique &#8211; Picnic<\/h3><p><strong>Data:<\/strong> 29\/02\/2020 12:30<\/p><p><strong>Local:<\/strong> Escola Projeto Brasil  &#8211; 12217 Cassady Drive Milwood Baptist Church, Austin, TX 78727<\/p><p><a href=\"https:\/\/www.eventbrite.com\/e\/cai-na-folia-piquenique-picnic-tickets-93014702479\" target=\"_blank\">Ver detalhes do evento<\/a><\/p><\/div><div class=\"eventbrite-event\"><img decoding=\"async\" src=\"https:\/\/img.evbuc.com\/https%3A%2F%2Fcdn.evbuc.com%2Fimages%2F91569915%2F293169850489%2F1%2Foriginal.20200209-010042?h=200&#038;w=450&#038;auto=format%2Ccompress&#038;q=75&#038;sharp=10&#038;s=394822e427fc5ecb158ecb17a26f08aa\" alt=\"Dia Internacional das Mulheres  2020\" style=\"max-width: 100%\"><h3>Dia Internacional das Mulheres  2020<\/h3><p><strong>Data:<\/strong> 06\/03\/2020 19:00<\/p><p><strong>Local:<\/strong> The Rabb House &#8211; 151 North A.W. Grimes Boulevard, Round Rock, TX 78664<\/p><p><a href=\"https:\/\/www.eventbrite.com\/e\/dia-internacional-das-mulheres-2020-tickets-93538459049\" target=\"_blank\">Ver detalhes do evento<\/a><\/p><\/div><div class=\"eventbrite-event\"><h3>teste<\/h3><p><strong>Data:<\/strong> 11\/04\/2020 19:00<\/p><p><strong>Local:<\/strong> Local n\u00e3o especificado &#8211; Endere\u00e7o n\u00e3o especificado<\/p><p><a href=\"https:\/\/www.eventbrite.com\/e\/teste-tickets-97870807219\" target=\"_blank\">Ver detalhes do evento<\/a><\/p><\/div><div class=\"eventbrite-event\"><img decoding=\"async\" src=\"https:\/\/img.evbuc.com\/https%3A%2F%2Fcdn.evbuc.com%2Fimages%2F109629881%2F293169850489%2F1%2Foriginal.20200826-195553?h=200&#038;w=450&#038;auto=format%2Ccompress&#038;q=75&#038;sharp=10&#038;rect=0%2C0%2C1344%2C672&#038;s=43fdad48e5c628c362549b8e1b9f41ce\" alt=\"SARAU CULTURAL CBA 2020\" style=\"max-width: 100%\"><h3>SARAU CULTURAL CBA 2020<\/h3><p><strong>Data:<\/strong> 04\/10\/2020 19:00<\/p><p><strong>Local:<\/strong> Local n\u00e3o especificado &#8211; Endere\u00e7o n\u00e3o especificado<\/p><p><a href=\"https:\/\/www.eventbrite.com\/e\/sarau-cultural-cba-2020-tickets-118234672087\" target=\"_blank\">Ver detalhes do evento<\/a><\/p><\/div><div class=\"eventbrite-event\"><img decoding=\"async\" src=\"https:\/\/img.evbuc.com\/https%3A%2F%2Fcdn.evbuc.com%2Fimages%2F118742091%2F293169850489%2F1%2Foriginal.20201126-001043?h=200&#038;w=450&#038;auto=format%2Ccompress&#038;q=75&#038;sharp=10&#038;rect=0%2C0%2C720%2C360&#038;s=3647e0ab240fcc02c619d16d47700a31\" alt=\"RESOLU\u00c7\u00d5ES 21 - USE MELHOR O SEU TEMPO, ANO QUE VEM\" style=\"max-width: 100%\"><h3>RESOLU\u00c7\u00d5ES 21 &#8211; USE MELHOR O SEU TEMPO, ANO QUE VEM<\/h3><p><strong>Data:<\/strong> 10\/12\/2020 19:00<\/p><p><strong>Local:<\/strong> Local n\u00e3o especificado &#8211; Endere\u00e7o n\u00e3o especificado<\/p><p><a href=\"https:\/\/www.eventbrite.com\/e\/resolucoes-21-use-melhor-o-seu-tempo-ano-que-vem-tickets-130623009939\" target=\"_blank\">Ver detalhes do evento<\/a><\/p><\/div><div class=\"eventbrite-event\"><img decoding=\"async\" src=\"https:\/\/img.evbuc.com\/https%3A%2F%2Fcdn.evbuc.com%2Fimages%2F126569733%2F293169850489%2F1%2Foriginal.20210219-012341?h=200&#038;w=450&#038;auto=format%2Ccompress&#038;q=75&#038;sharp=10&#038;rect=0%2C0%2C2160%2C1080&#038;s=8cb850c5907c9254755d4a86ead026a0\" alt=\"Cine Drive-In - Comemorativo do Dia das Mulheres 21\" style=\"max-width: 100%\"><h3>Cine Drive-In &#8211; Comemorativo do Dia das Mulheres 21<\/h3><p><strong>Data:<\/strong> 08\/03\/2021 18:15<\/p><p><strong>Local:<\/strong> Blue Starlite Mini Urban Drive-in cinema &#8211; 800 Harrell Parkway, Round Rock, TX 78665<\/p><p><a href=\"https:\/\/www.eventbrite.com\/e\/cine-drive-in-comemorativo-do-dia-das-mulheres-21-tickets-141217476273\" target=\"_blank\">Ver detalhes do evento<\/a><\/p><\/div><div class=\"eventbrite-event\"><img decoding=\"async\" src=\"https:\/\/img.evbuc.com\/https%3A%2F%2Fcdn.evbuc.com%2Fimages%2F788646149%2F293169850489%2F1%2Foriginal.png?h=200&#038;w=450&#038;auto=format%2Ccompress&#038;q=75&#038;sharp=10&#038;rect=0%2C0%2C940%2C470&#038;s=c347d3080b2266f3538535799cdfdf18\" alt=\"Teste de Event Brite\" style=\"max-width: 100%\"><h3>Teste de Event Brite<\/h3><p><strong>Data:<\/strong> 22\/06\/2024 10:00<\/p><p><strong>Local:<\/strong> Blue Starlite Mini Urban Drive-in cinema &#8211; 800 Harrell Parkway, Round Rock, TX 78665<\/p><p><a href=\"https:\/\/www.eventbrite.com\/e\/teste-de-event-brite-tickets-924750462527\" target=\"_blank\">Ver detalhes do evento<\/a><\/p><\/div><div class=\"eventbrite-event\"><img decoding=\"async\" src=\"https:\/\/img.evbuc.com\/https%3A%2F%2Fcdn.evbuc.com%2Fimages%2F822052969%2F293169850489%2F1%2Foriginal.20240807-040531?h=200&#038;w=450&#038;auto=format%2Ccompress&#038;q=75&#038;sharp=10&#038;s=272736928d4556fef80035bdf322dca1\" alt=\"ECONOMIA DA PAIX\u00c3O - Encontro com Paula Costa\" style=\"max-width: 100%\"><h3>ECONOMIA DA PAIX\u00c3O &#8211; Encontro com Paula Costa<\/h3><p><strong>Data:<\/strong> 15\/08\/2024 18:30<\/p><p><strong>Local:<\/strong> 10613 N FM 620 &#8211; 10613 North FM 620, Austin, TX 78726<\/p><p><a href=\"https:\/\/www.eventbrite.com\/e\/economia-da-paixao-encontro-com-paula-costa-tickets-962881232687\" target=\"_blank\">Ver detalhes do evento<\/a><\/p><\/div><\/div><\/p><\/p>\n\t\t\t\t\t\t\t\t<\/div>\n\t\t\t\t<\/div>\n\t\t\t\t\t<\/div>\n\t\t\t\t<\/div>\n\t\t\t\t<\/div>\n\t\t","protected":false},"excerpt":{"rendered":"","protected":false},"author":2,"featured_media":0,"parent":0,"menu_order":0,"comment_status":"closed","ping_status":"closed","template":"","meta":{"footnotes":""},"class_list":["post-9054","page","type-page","status-publish","hentry"],"_links":{"self":[{"href":"https:\/\/culturabrasilaustin.org\/en\/wp-json\/wp\/v2\/pages\/9054","targetHints":{"allow":["GET"]}}],"collection":[{"href":"https:\/\/culturabrasilaustin.org\/en\/wp-json\/wp\/v2\/pages"}],"about":[{"href":"https:\/\/culturabrasilaustin.org\/en\/wp-json\/wp\/v2\/types\/page"}],"author":[{"embeddable":true,"href":"https:\/\/culturabrasilaustin.org\/en\/wp-json\/wp\/v2\/users\/2"}],"replies":[{"embeddable":true,"href":"https:\/\/culturabrasilaustin.org\/en\/wp-json\/wp\/v2\/comments?post=9054"}],"version-history":[{"count":1,"href":"https:\/\/culturabrasilaustin.org\/en\/wp-json\/wp\/v2\/pages\/9054\/revisions"}],"predecessor-version":[{"id":9055,"href":"https:\/\/culturabrasilaustin.org\/en\/wp-json\/wp\/v2\/pages\/9054\/revisions\/9055"}],"wp:attachment":[{"href":"https:\/\/culturabrasilaustin.org\/en\/wp-json\/wp\/v2\/media?parent=9054"}],"curies":[{"name":"wp","href":"https:\/\/api.w.org\/{rel}","templated":true}]}}